{"id":2,"date":"2018-05-07T13:10:51","date_gmt":"2018-05-07T11:10:51","guid":{"rendered":"http:\/\/www.muellerkom.de\/website\/?page_id=2"},"modified":"2025-03-19T18:14:11","modified_gmt":"2025-03-19T17:14:11","slug":"beispiel-seite","status":"publish","type":"page","link":"https:\/\/www.muellerkom.de\/website\/","title":{"rendered":""},"content":{"rendered":"<figure id=\"attachment_528\" aria-describedby=\"caption-attachment-528\" style=\"width: 259px\" class=\"wp-caption alignright\"><a href=\"https:\/\/www.muellerkom.de\/website\/wp-content\/uploads\/2024\/12\/M72_1630-scaled-e1732286180550.jpg\"><img loading=\"lazy\" decoding=\"async\" class=\"wp-image-528 size-medium\" src=\"https:\/\/www.muellerkom.de\/website\/wp-content\/uploads\/2024\/12\/M72_1630-scaled-e1732286180550-259x300.jpg\" alt=\"\" width=\"259\" height=\"300\" srcset=\"https:\/\/www.muellerkom.de\/website\/wp-content\/uploads\/2024\/12\/M72_1630-scaled-e1732286180550-259x300.jpg 259w, https:\/\/www.muellerkom.de\/website\/wp-content\/uploads\/2024\/12\/M72_1630-scaled-e1732286180550-884x1024.jpg 884w, https:\/\/www.muellerkom.de\/website\/wp-content\/uploads\/2024\/12\/M72_1630-scaled-e1732286180550-768x890.jpg 768w, https:\/\/www.muellerkom.de\/website\/wp-content\/uploads\/2024\/12\/M72_1630-scaled-e1732286180550-1326x1536.jpg 1326w, https:\/\/www.muellerkom.de\/website\/wp-content\/uploads\/2024\/12\/M72_1630-scaled-e1732286180550.jpg 1424w\" sizes=\"auto, (max-width: 259px) 100vw, 259px\" \/><\/a><figcaption id=\"caption-attachment-528\" class=\"wp-caption-text\">\u201eGuter Journalismus und gute Kommunikation fangen da an, wo K\u00fcnstliche Intelligenz aufh\u00f6rt.\u201c Stefan M\u00fcller<\/figcaption><\/figure>\n<p><span style=\"color: #000000;\"><strong>Erfolgreiche Unternehmenskommunikation <\/strong>ist vielf\u00e4ltig und vernetzt. <\/span><span style=\"color: #000000;\">Sie verbindet <strong>Menschen<\/strong> \u00fcber <strong>Medien<\/strong>,<\/span> vermittelt zentrale Botschaften zeitgleich \u00fcber traditionelle und digitale Kommunikationskan\u00e4le. Und sie braucht <strong>gute Stories<\/strong>, die Menschen begeistern &#8211; am Handy, im Web, in der Community und in der Zeitung.<\/p>\n<p><strong>Stefan M\u00fcller<\/strong> produziert f\u00fcr Sie journalistische Inhalte in Text und Bild passgenau f\u00fcr die unterschiedlichen Bed\u00fcrfnisse Ihrer Kunden, Besch\u00e4ftigten und die \u00d6ffentlichkeit.<\/p>\n<p>&nbsp;<\/p>\n<ul>\n<li><strong>Medienarbeit<\/strong>: Aufbau und Pflege von langfristigen Beziehungen zu relevanten Medien und Journalisten durch zielgenaue Pressearbeit sowie die Platzierung von Themen in verschiedenen Medienformaten.<\/li>\n<li><strong>Content Creation<\/strong>: Entwicklung von zielgruppenspezifischen Inhalten f\u00fcr Pressemitteilungen, Newsletter, Social Media und Unternehmenspublikationen.<\/li>\n<li><strong>Krisenkommunikation<\/strong>: Proaktive und reaktive Strategien im Umgang mit sensiblen Themen und medialen Herausforderungen.<\/li>\n<li><strong>Strategische Planung<\/strong>: Aufbau und Umsetzung von Kommunikationskonzepten, die zur Erreichung der Unternehmensziele beitragen und das Image langfristig pr\u00e4gen.<\/li>\n<\/ul>\n<p>Profitieren Sie von mehr als<strong> 20 Jahren journalistischer Agenturarbeit<\/strong> und geben Sie Ihrem Unternehmen ein unverwechselbares Profil.<\/p>\n<p><strong>Neugierig geworden? <\/strong><\/p>\n<p><strong>Vereinbaren Sie mit mir<\/strong><strong> einen Termin!<\/strong><\/p>\n<p>m\u00fcller:kommunikation<br \/>\nStefan M\u00fcller<br \/>\nOrtsm\u00fchle 26<br \/>\n44227 Dortmund<br \/>\nTel.: 0231 1371 4671<br \/>\n<a href=\"mailto:info@mkom365.de\">info@mkom365.de<\/a><\/p>\n<p>&nbsp;<\/p>\n","protected":false},"excerpt":{"rendered":"<div class=\"entry-summary\">\n<div class=\"entry-summary\">\nErfolgreiche Unternehmenskommunikation ist vielf\u00e4ltig und vernetzt. Sie verbindet Menschen \u00fcber Medien, vermittelt zentrale Botschaften zeitgleich \u00fcber traditionelle und digitale Kommunikationskan\u00e4le. Und sie braucht gute Stories, die Menschen begeistern &#8211; am Handy, im Web, in der Community und in der Zeitung.&hellip;\n<\/div>\n<div class=\"link-more\"><a href=\"https:\/\/www.muellerkom.de\/website\/\" class=\"more-link\"> weiterlesen\u00a0&hellip;<\/a><\/div>\n<\/div>\n<div class=\"link-more\"><a href=\"https:\/\/www.muellerkom.de\/website\/\" class=\"more-link\"> weiterlesen\u00a0&hellip;<\/a><\/div>\n","protected":false},"author":1,"featured_media":0,"parent":0,"menu_order":0,"comment_status":"closed","ping_status":"open","template":"","meta":{"_acf_changed":false,"footnotes":""},"class_list":["post-2","page","type-page","status-publish","hentry","entry"],"acf":[],"yoast_head":"<!-- This site is optimized with the Yoast SEO plugin v25.9 - https:\/\/yoast.com\/wordpress\/plugins\/seo\/ -->\n<title>- m\u00fcller:kommunikation<\/title>\n<meta name=\"robots\" content=\"index, follow, max-snippet:-1, max-image-preview:large, max-video-preview:-1\" \/>\n<link rel=\"canonical\" href=\"https:\/\/www.muellerkom.de\/website\/\" \/>\n<meta property=\"og:locale\" content=\"de_DE\" \/>\n<meta property=\"og:type\" content=\"article\" \/>\n<meta property=\"og:title\" content=\"- m\u00fcller:kommunikation\" \/>\n<meta property=\"og:description\" content=\"Erfolgreiche Unternehmenskommunikation ist vielf\u00e4ltig und vernetzt. Sie verbindet Menschen \u00fcber Medien, vermittelt zentrale Botschaften zeitgleich \u00fcber traditionelle und digitale Kommunikationskan\u00e4le. Und sie braucht gute Stories, die Menschen begeistern &#8211; am Handy, im Web, in der Community und in der Zeitung.&hellip; weiterlesen\u00a0&hellip;\" \/>\n<meta property=\"og:url\" content=\"https:\/\/www.muellerkom.de\/website\/\" \/>\n<meta property=\"og:site_name\" content=\"m\u00fcller:kommunikation\" \/>\n<meta property=\"article:modified_time\" content=\"2025-03-19T17:14:11+00:00\" \/>\n<meta property=\"og:image\" content=\"https:\/\/www.muellerkom.de\/website\/wp-content\/uploads\/2024\/12\/M72_1630-scaled-e1732286180550.jpg\" \/>\n\t<meta property=\"og:image:width\" content=\"1424\" \/>\n\t<meta property=\"og:image:height\" content=\"1650\" \/>\n\t<meta property=\"og:image:type\" content=\"image\/jpeg\" \/>\n<meta name=\"twitter:card\" content=\"summary_large_image\" \/>\n<meta name=\"twitter:label1\" content=\"Gesch\u00e4tzte Lesezeit\" \/>\n\t<meta name=\"twitter:data1\" content=\"2\u00a0Minuten\" \/>\n<script type=\"application\/ld+json\" class=\"yoast-schema-graph\">{\"@context\":\"https:\/\/schema.org\",\"@graph\":[{\"@type\":\"WebPage\",\"@id\":\"https:\/\/www.muellerkom.de\/website\/\",\"url\":\"https:\/\/www.muellerkom.de\/website\/\",\"name\":\"- m\u00fcller:kommunikation\",\"isPartOf\":{\"@id\":\"https:\/\/www.muellerkom.de\/website\/#website\"},\"primaryImageOfPage\":{\"@id\":\"https:\/\/www.muellerkom.de\/website\/#primaryimage\"},\"image\":{\"@id\":\"https:\/\/www.muellerkom.de\/website\/#primaryimage\"},\"thumbnailUrl\":\"https:\/\/www.muellerkom.de\/website\/wp-content\/uploads\/2024\/12\/M72_1630-scaled-e1732286180550-259x300.jpg\",\"datePublished\":\"2018-05-07T11:10:51+00:00\",\"dateModified\":\"2025-03-19T17:14:11+00:00\",\"inLanguage\":\"de\",\"potentialAction\":[{\"@type\":\"ReadAction\",\"target\":[\"https:\/\/www.muellerkom.de\/website\/\"]}]},{\"@type\":\"ImageObject\",\"inLanguage\":\"de\",\"@id\":\"https:\/\/www.muellerkom.de\/website\/#primaryimage\",\"url\":\"https:\/\/www.muellerkom.de\/website\/wp-content\/uploads\/2024\/12\/M72_1630-scaled-e1732286180550.jpg\",\"contentUrl\":\"https:\/\/www.muellerkom.de\/website\/wp-content\/uploads\/2024\/12\/M72_1630-scaled-e1732286180550.jpg\",\"width\":1424,\"height\":1650,\"caption\":\"CREATOR: gd-jpeg v1.0 (using IJG JPEG v62), quality = 82?\"},{\"@type\":\"WebSite\",\"@id\":\"https:\/\/www.muellerkom.de\/website\/#website\",\"url\":\"https:\/\/www.muellerkom.de\/website\/\",\"name\":\"Wir sind die Experten\",\"description\":\"m\u00fcller:kommunikation\",\"publisher\":{\"@id\":\"https:\/\/www.muellerkom.de\/website\/#organization\"},\"potentialAction\":[{\"@type\":\"SearchAction\",\"target\":{\"@type\":\"EntryPoint\",\"urlTemplate\":\"https:\/\/www.muellerkom.de\/website\/?s={search_term_string}\"},\"query-input\":{\"@type\":\"PropertyValueSpecification\",\"valueRequired\":true,\"valueName\":\"search_term_string\"}}],\"inLanguage\":\"de\"},{\"@type\":\"Organization\",\"@id\":\"https:\/\/www.muellerkom.de\/website\/#organization\",\"name\":\"m\u00fcller:kommunikation\",\"url\":\"https:\/\/www.muellerkom.de\/website\/\",\"logo\":{\"@type\":\"ImageObject\",\"inLanguage\":\"de\",\"@id\":\"https:\/\/www.muellerkom.de\/website\/#\/schema\/logo\/image\/\",\"url\":\"https:\/\/www.muellerkom.de\/website\/wp-content\/uploads\/2018\/05\/logo_muellerkom_transparent.png\",\"contentUrl\":\"https:\/\/www.muellerkom.de\/website\/wp-content\/uploads\/2018\/05\/logo_muellerkom_transparent.png\",\"width\":544,\"height\":62,\"caption\":\"m\u00fcller:kommunikation\"},\"image\":{\"@id\":\"https:\/\/www.muellerkom.de\/website\/#\/schema\/logo\/image\/\"}}]}<\/script>\n<!-- \/ Yoast SEO plugin. -->","yoast_head_json":{"title":"- m\u00fcller:kommunikation","robots":{"index":"index","follow":"follow","max-snippet":"max-snippet:-1","max-image-preview":"max-image-preview:large","max-video-preview":"max-video-preview:-1"},"canonical":"https:\/\/www.muellerkom.de\/website\/","og_locale":"de_DE","og_type":"article","og_title":"- m\u00fcller:kommunikation","og_description":"Erfolgreiche Unternehmenskommunikation ist vielf\u00e4ltig und vernetzt. Sie verbindet Menschen \u00fcber Medien, vermittelt zentrale Botschaften zeitgleich \u00fcber traditionelle und digitale Kommunikationskan\u00e4le. Und sie braucht gute Stories, die Menschen begeistern &#8211; am Handy, im Web, in der Community und in der Zeitung.&hellip; weiterlesen\u00a0&hellip;","og_url":"https:\/\/www.muellerkom.de\/website\/","og_site_name":"m\u00fcller:kommunikation","article_modified_time":"2025-03-19T17:14:11+00:00","og_image":[{"width":1424,"height":1650,"url":"https:\/\/www.muellerkom.de\/website\/wp-content\/uploads\/2024\/12\/M72_1630-scaled-e1732286180550.jpg","type":"image\/jpeg"}],"twitter_card":"summary_large_image","twitter_misc":{"Gesch\u00e4tzte Lesezeit":"2\u00a0Minuten"},"schema":{"@context":"https:\/\/schema.org","@graph":[{"@type":"WebPage","@id":"https:\/\/www.muellerkom.de\/website\/","url":"https:\/\/www.muellerkom.de\/website\/","name":"- m\u00fcller:kommunikation","isPartOf":{"@id":"https:\/\/www.muellerkom.de\/website\/#website"},"primaryImageOfPage":{"@id":"https:\/\/www.muellerkom.de\/website\/#primaryimage"},"image":{"@id":"https:\/\/www.muellerkom.de\/website\/#primaryimage"},"thumbnailUrl":"https:\/\/www.muellerkom.de\/website\/wp-content\/uploads\/2024\/12\/M72_1630-scaled-e1732286180550-259x300.jpg","datePublished":"2018-05-07T11:10:51+00:00","dateModified":"2025-03-19T17:14:11+00:00","inLanguage":"de","potentialAction":[{"@type":"ReadAction","target":["https:\/\/www.muellerkom.de\/website\/"]}]},{"@type":"ImageObject","inLanguage":"de","@id":"https:\/\/www.muellerkom.de\/website\/#primaryimage","url":"https:\/\/www.muellerkom.de\/website\/wp-content\/uploads\/2024\/12\/M72_1630-scaled-e1732286180550.jpg","contentUrl":"https:\/\/www.muellerkom.de\/website\/wp-content\/uploads\/2024\/12\/M72_1630-scaled-e1732286180550.jpg","width":1424,"height":1650,"caption":"CREATOR: gd-jpeg v1.0 (using IJG JPEG v62), quality = 82?"},{"@type":"WebSite","@id":"https:\/\/www.muellerkom.de\/website\/#website","url":"https:\/\/www.muellerkom.de\/website\/","name":"Wir sind die Experten","description":"m\u00fcller:kommunikation","publisher":{"@id":"https:\/\/www.muellerkom.de\/website\/#organization"},"potentialAction":[{"@type":"SearchAction","target":{"@type":"EntryPoint","urlTemplate":"https:\/\/www.muellerkom.de\/website\/?s={search_term_string}"},"query-input":{"@type":"PropertyValueSpecification","valueRequired":true,"valueName":"search_term_string"}}],"inLanguage":"de"},{"@type":"Organization","@id":"https:\/\/www.muellerkom.de\/website\/#organization","name":"m\u00fcller:kommunikation","url":"https:\/\/www.muellerkom.de\/website\/","logo":{"@type":"ImageObject","inLanguage":"de","@id":"https:\/\/www.muellerkom.de\/website\/#\/schema\/logo\/image\/","url":"https:\/\/www.muellerkom.de\/website\/wp-content\/uploads\/2018\/05\/logo_muellerkom_transparent.png","contentUrl":"https:\/\/www.muellerkom.de\/website\/wp-content\/uploads\/2018\/05\/logo_muellerkom_transparent.png","width":544,"height":62,"caption":"m\u00fcller:kommunikation"},"image":{"@id":"https:\/\/www.muellerkom.de\/website\/#\/schema\/logo\/image\/"}}]}},"_links":{"self":[{"href":"https:\/\/www.muellerkom.de\/website\/wp-json\/wp\/v2\/pages\/2","targetHints":{"allow":["GET"]}}],"collection":[{"href":"https:\/\/www.muellerkom.de\/website\/wp-json\/wp\/v2\/pages"}],"about":[{"href":"https:\/\/www.muellerkom.de\/website\/wp-json\/wp\/v2\/types\/page"}],"author":[{"embeddable":true,"href":"https:\/\/www.muellerkom.de\/website\/wp-json\/wp\/v2\/users\/1"}],"replies":[{"embeddable":true,"href":"https:\/\/www.muellerkom.de\/website\/wp-json\/wp\/v2\/comments?post=2"}],"version-history":[{"count":33,"href":"https:\/\/www.muellerkom.de\/website\/wp-json\/wp\/v2\/pages\/2\/revisions"}],"predecessor-version":[{"id":563,"href":"https:\/\/www.muellerkom.de\/website\/wp-json\/wp\/v2\/pages\/2\/revisions\/563"}],"wp:attachment":[{"href":"https:\/\/www.muellerkom.de\/website\/wp-json\/wp\/v2\/media?parent=2"}],"curies":[{"name":"wp","href":"https:\/\/api.w.org\/{rel}","templated":true}]}}