{"id":42,"date":"2018-05-10T09:41:19","date_gmt":"2018-05-10T07:41:19","guid":{"rendered":"http:\/\/www.muellerkom.de\/website\/?page_id=42"},"modified":"2025-02-07T12:21:51","modified_gmt":"2025-02-07T11:21:51","slug":"profil-medizin","status":"publish","type":"page","link":"https:\/\/www.muellerkom.de\/website\/profil-medizin\/","title":{"rendered":"Schwerpunkt Kliniken"},"content":{"rendered":"<p><a href=\"https:\/\/www.muellerkom.de\/website\/wp-content\/uploads\/2025\/02\/AdobeStock_298001238-scaled-e1738927074235.jpeg\"><img loading=\"lazy\" decoding=\"async\" class=\"size-medium wp-image-554 alignright\" src=\"https:\/\/www.muellerkom.de\/website\/wp-content\/uploads\/2025\/02\/AdobeStock_298001238-scaled-e1738927074235-300x255.jpeg\" alt=\"\" width=\"300\" height=\"255\" srcset=\"https:\/\/www.muellerkom.de\/website\/wp-content\/uploads\/2025\/02\/AdobeStock_298001238-scaled-e1738927074235-300x255.jpeg 300w, https:\/\/www.muellerkom.de\/website\/wp-content\/uploads\/2025\/02\/AdobeStock_298001238-scaled-e1738927074235-1024x869.jpeg 1024w, https:\/\/www.muellerkom.de\/website\/wp-content\/uploads\/2025\/02\/AdobeStock_298001238-scaled-e1738927074235-768x652.jpeg 768w, https:\/\/www.muellerkom.de\/website\/wp-content\/uploads\/2025\/02\/AdobeStock_298001238-scaled-e1738927074235.jpeg 1330w\" sizes=\"auto, (max-width: 300px) 100vw, 300px\" \/><\/a><\/p>\n<p><span style=\"font-family: arial, helvetica, sans-serif;\"><span style=\"font-size: 14pt; color: #808080;\">Profitieren sie von umfangreichen Erfahrungen in der \u00d6ffentlichkeitsarbeit f\u00fcr Kliniken. <\/span><span style=\"font-size: 14pt; color: #808080;\"><br \/>\n<\/span><\/span><br \/>\n<span style=\"font-size: 12pt; color: #2f6652; font-family: arial, helvetica, sans-serif;\"><strong>Meine Referenzen:<\/strong><\/span><\/p>\n<ul>\n<li><span style=\"font-family: arial, helvetica, sans-serif;\">8 Jahre AHG Allgemeine Hospitalgesellschaft AG<\/span><br \/>\n<span style=\"font-family: arial, helvetica, sans-serif;\"><span style=\"font-family: arial, helvetica, sans-serif;\">Pressearbeit, Mitarbeiterzeitschrift, Flyer, Internet-Texte, Beratung des Vorstands<\/span><\/span><\/li>\n<li><span style=\"font-family: arial, helvetica, sans-serif;\">17 Jahre Deutsche Gesellschaft f\u00fcr Medizinische Rehabilitation (DEGEMED)<br \/>\n<\/span><span style=\"font-family: arial, helvetica, sans-serif;\"><span style=\"font-family: arial, helvetica, sans-serif;\">Pressearbeit, Flyer, 62 Ausgaben des Verbandsnewsletters, PR-Seminare<\/span><\/span><\/li>\n<li><span style=\"font-family: arial, helvetica, sans-serif;\">10 Jahre Deutscher Reha-Tag<br \/>\n<\/span><span style=\"font-family: arial, helvetica, sans-serif;\">\u00d6ffentlichkeitsarbeit, Lobbyarbeit, Parlamentarische Gespr\u00e4che in Berlin, Kampagnenb\u00fcro<br \/>\n<\/span><\/li>\n<li><span style=\"font-family: arial, helvetica, sans-serif;\">4 Jahre RHM-Kliniken<br \/>\nPressearbeit, Mitarbeiterzeitschrift, Flyer, Internet-Relaunch, Beratung des Vorstands<br \/>\n<\/span><\/li>\n<li><span style=\"font-family: arial, helvetica, sans-serif;\">7 Jahre MEDIAN Kliniken<br \/>\n<\/span><span style=\"font-family: arial, helvetica, sans-serif;\">Pressearbeit, Webtexte, Mitarbeiterzeitschrift, Fach-PR, Video-Beitr\u00e4ge<br \/>\n<\/span><\/li>\n<li><span style=\"font-family: arial, helvetica, sans-serif;\">4 Jahre Paracelsus-Kliniken<br \/>\n<\/span><span style=\"font-family: arial, helvetica, sans-serif;\">Pressearbeit, Webtexte, Mitarbeiterzeitschrift<\/span><\/li>\n<\/ul>\n","protected":false},"excerpt":{"rendered":"<div class=\"entry-summary\">\n<div class=\"entry-summary\">\nProfitieren sie von umfangreichen Erfahrungen in der \u00d6ffentlichkeitsarbeit f\u00fcr Kliniken. Meine Referenzen: 8 Jahre AHG Allgemeine Hospitalgesellschaft AG Pressearbeit, Mitarbeiterzeitschrift, Flyer, Internet-Texte, Beratung des Vorstands 17 Jahre Deutsche Gesellschaft f\u00fcr Medizinische Rehabilitation (DEGEMED) Pressearbeit, Flyer, 62 Ausgaben des Verbandsnewsletters, PR-Seminare&hellip;\n<\/div>\n<div class=\"link-more\"><a href=\"https:\/\/www.muellerkom.de\/website\/profil-medizin\/\" class=\"more-link\"><span class=\"screen-reader-text\"> &ldquo;Schwerpunkt Kliniken&rdquo;<\/span> weiterlesen\u00a0&hellip;<\/a><\/div>\n<\/div>\n<div class=\"link-more\"><a href=\"https:\/\/www.muellerkom.de\/website\/profil-medizin\/\" class=\"more-link\"><span class=\"screen-reader-text\"> &ldquo;Schwerpunkt Kliniken&rdquo;<\/span> weiterlesen\u00a0&hellip;<\/a><\/div>\n","protected":false},"author":1,"featured_media":536,"parent":0,"menu_order":0,"comment_status":"closed","ping_status":"closed","template":"","meta":{"_acf_changed":false,"footnotes":""},"class_list":["post-42","page","type-page","status-publish","has-post-thumbnail","hentry","entry"],"acf":[],"yoast_head":"<!-- This site is optimized with the Yoast SEO plugin v25.9 - https:\/\/yoast.com\/wordpress\/plugins\/seo\/ -->\n<title>Schwerpunkt Kliniken - m\u00fcller:kommunikation<\/title>\n<meta name=\"robots\" content=\"index, follow, max-snippet:-1, max-image-preview:large, max-video-preview:-1\" \/>\n<link rel=\"canonical\" href=\"https:\/\/www.muellerkom.de\/website\/profil-medizin\/\" \/>\n<meta property=\"og:locale\" content=\"de_DE\" \/>\n<meta property=\"og:type\" content=\"article\" \/>\n<meta property=\"og:title\" content=\"Schwerpunkt Kliniken - m\u00fcller:kommunikation\" \/>\n<meta property=\"og:description\" content=\"Profitieren sie von umfangreichen Erfahrungen in der \u00d6ffentlichkeitsarbeit f\u00fcr Kliniken. Meine Referenzen: 8 Jahre AHG Allgemeine Hospitalgesellschaft AG Pressearbeit, Mitarbeiterzeitschrift, Flyer, Internet-Texte, Beratung des Vorstands 17 Jahre Deutsche Gesellschaft f\u00fcr Medizinische Rehabilitation (DEGEMED) Pressearbeit, Flyer, 62 Ausgaben des Verbandsnewsletters, PR-Seminare&hellip; &ldquo;Schwerpunkt Kliniken&rdquo; weiterlesen\u00a0&hellip;\" \/>\n<meta property=\"og:url\" content=\"https:\/\/www.muellerkom.de\/website\/profil-medizin\/\" \/>\n<meta property=\"og:site_name\" content=\"m\u00fcller:kommunikation\" \/>\n<meta property=\"article:modified_time\" content=\"2025-02-07T11:21:51+00:00\" \/>\n<meta property=\"og:image\" content=\"https:\/\/www.muellerkom.de\/website\/wp-content\/uploads\/2025\/01\/klinik_298001238_Preview-e1738837369236.jpeg\" \/>\n\t<meta property=\"og:image:width\" content=\"998\" \/>\n\t<meta property=\"og:image:height\" content=\"260\" \/>\n\t<meta property=\"og:image:type\" content=\"image\/jpeg\" \/>\n<meta name=\"twitter:card\" content=\"summary_large_image\" \/>\n<meta name=\"twitter:label1\" content=\"Gesch\u00e4tzte Lesezeit\" \/>\n\t<meta name=\"twitter:data1\" content=\"1\u00a0Minute\" \/>\n<script type=\"application\/ld+json\" class=\"yoast-schema-graph\">{\"@context\":\"https:\/\/schema.org\",\"@graph\":[{\"@type\":\"WebPage\",\"@id\":\"https:\/\/www.muellerkom.de\/website\/profil-medizin\/\",\"url\":\"https:\/\/www.muellerkom.de\/website\/profil-medizin\/\",\"name\":\"Schwerpunkt Kliniken - m\u00fcller:kommunikation\",\"isPartOf\":{\"@id\":\"https:\/\/www.muellerkom.de\/website\/#website\"},\"primaryImageOfPage\":{\"@id\":\"https:\/\/www.muellerkom.de\/website\/profil-medizin\/#primaryimage\"},\"image\":{\"@id\":\"https:\/\/www.muellerkom.de\/website\/profil-medizin\/#primaryimage\"},\"thumbnailUrl\":\"https:\/\/www.muellerkom.de\/website\/wp-content\/uploads\/2025\/01\/klinik_298001238_Preview-e1738837369236.jpeg\",\"datePublished\":\"2018-05-10T07:41:19+00:00\",\"dateModified\":\"2025-02-07T11:21:51+00:00\",\"breadcrumb\":{\"@id\":\"https:\/\/www.muellerkom.de\/website\/profil-medizin\/#breadcrumb\"},\"inLanguage\":\"de\",\"potentialAction\":[{\"@type\":\"ReadAction\",\"target\":[\"https:\/\/www.muellerkom.de\/website\/profil-medizin\/\"]}]},{\"@type\":\"ImageObject\",\"inLanguage\":\"de\",\"@id\":\"https:\/\/www.muellerkom.de\/website\/profil-medizin\/#primaryimage\",\"url\":\"https:\/\/www.muellerkom.de\/website\/wp-content\/uploads\/2025\/01\/klinik_298001238_Preview-e1738837369236.jpeg\",\"contentUrl\":\"https:\/\/www.muellerkom.de\/website\/wp-content\/uploads\/2025\/01\/klinik_298001238_Preview-e1738837369236.jpeg\",\"width\":998,\"height\":260},{\"@type\":\"BreadcrumbList\",\"@id\":\"https:\/\/www.muellerkom.de\/website\/profil-medizin\/#breadcrumb\",\"itemListElement\":[{\"@type\":\"ListItem\",\"position\":1,\"name\":\"Startseite\",\"item\":\"https:\/\/www.muellerkom.de\/website\/\"},{\"@type\":\"ListItem\",\"position\":2,\"name\":\"Schwerpunkt Kliniken\"}]},{\"@type\":\"WebSite\",\"@id\":\"https:\/\/www.muellerkom.de\/website\/#website\",\"url\":\"https:\/\/www.muellerkom.de\/website\/\",\"name\":\"Wir sind die Experten\",\"description\":\"m\u00fcller:kommunikation\",\"publisher\":{\"@id\":\"https:\/\/www.muellerkom.de\/website\/#organization\"},\"potentialAction\":[{\"@type\":\"SearchAction\",\"target\":{\"@type\":\"EntryPoint\",\"urlTemplate\":\"https:\/\/www.muellerkom.de\/website\/?s={search_term_string}\"},\"query-input\":{\"@type\":\"PropertyValueSpecification\",\"valueRequired\":true,\"valueName\":\"search_term_string\"}}],\"inLanguage\":\"de\"},{\"@type\":\"Organization\",\"@id\":\"https:\/\/www.muellerkom.de\/website\/#organization\",\"name\":\"m\u00fcller:kommunikation\",\"url\":\"https:\/\/www.muellerkom.de\/website\/\",\"logo\":{\"@type\":\"ImageObject\",\"inLanguage\":\"de\",\"@id\":\"https:\/\/www.muellerkom.de\/website\/#\/schema\/logo\/image\/\",\"url\":\"https:\/\/www.muellerkom.de\/website\/wp-content\/uploads\/2018\/05\/logo_muellerkom_transparent.png\",\"contentUrl\":\"https:\/\/www.muellerkom.de\/website\/wp-content\/uploads\/2018\/05\/logo_muellerkom_transparent.png\",\"width\":544,\"height\":62,\"caption\":\"m\u00fcller:kommunikation\"},\"image\":{\"@id\":\"https:\/\/www.muellerkom.de\/website\/#\/schema\/logo\/image\/\"}}]}<\/script>\n<!-- \/ Yoast SEO plugin. -->","yoast_head_json":{"title":"Schwerpunkt Kliniken - m\u00fcller:kommunikation","robots":{"index":"index","follow":"follow","max-snippet":"max-snippet:-1","max-image-preview":"max-image-preview:large","max-video-preview":"max-video-preview:-1"},"canonical":"https:\/\/www.muellerkom.de\/website\/profil-medizin\/","og_locale":"de_DE","og_type":"article","og_title":"Schwerpunkt Kliniken - m\u00fcller:kommunikation","og_description":"Profitieren sie von umfangreichen Erfahrungen in der \u00d6ffentlichkeitsarbeit f\u00fcr Kliniken. Meine Referenzen: 8 Jahre AHG Allgemeine Hospitalgesellschaft AG Pressearbeit, Mitarbeiterzeitschrift, Flyer, Internet-Texte, Beratung des Vorstands 17 Jahre Deutsche Gesellschaft f\u00fcr Medizinische Rehabilitation (DEGEMED) Pressearbeit, Flyer, 62 Ausgaben des Verbandsnewsletters, PR-Seminare&hellip; &ldquo;Schwerpunkt Kliniken&rdquo; weiterlesen\u00a0&hellip;","og_url":"https:\/\/www.muellerkom.de\/website\/profil-medizin\/","og_site_name":"m\u00fcller:kommunikation","article_modified_time":"2025-02-07T11:21:51+00:00","og_image":[{"width":998,"height":260,"url":"https:\/\/www.muellerkom.de\/website\/wp-content\/uploads\/2025\/01\/klinik_298001238_Preview-e1738837369236.jpeg","type":"image\/jpeg"}],"twitter_card":"summary_large_image","twitter_misc":{"Gesch\u00e4tzte Lesezeit":"1\u00a0Minute"},"schema":{"@context":"https:\/\/schema.org","@graph":[{"@type":"WebPage","@id":"https:\/\/www.muellerkom.de\/website\/profil-medizin\/","url":"https:\/\/www.muellerkom.de\/website\/profil-medizin\/","name":"Schwerpunkt Kliniken - m\u00fcller:kommunikation","isPartOf":{"@id":"https:\/\/www.muellerkom.de\/website\/#website"},"primaryImageOfPage":{"@id":"https:\/\/www.muellerkom.de\/website\/profil-medizin\/#primaryimage"},"image":{"@id":"https:\/\/www.muellerkom.de\/website\/profil-medizin\/#primaryimage"},"thumbnailUrl":"https:\/\/www.muellerkom.de\/website\/wp-content\/uploads\/2025\/01\/klinik_298001238_Preview-e1738837369236.jpeg","datePublished":"2018-05-10T07:41:19+00:00","dateModified":"2025-02-07T11:21:51+00:00","breadcrumb":{"@id":"https:\/\/www.muellerkom.de\/website\/profil-medizin\/#breadcrumb"},"inLanguage":"de","potentialAction":[{"@type":"ReadAction","target":["https:\/\/www.muellerkom.de\/website\/profil-medizin\/"]}]},{"@type":"ImageObject","inLanguage":"de","@id":"https:\/\/www.muellerkom.de\/website\/profil-medizin\/#primaryimage","url":"https:\/\/www.muellerkom.de\/website\/wp-content\/uploads\/2025\/01\/klinik_298001238_Preview-e1738837369236.jpeg","contentUrl":"https:\/\/www.muellerkom.de\/website\/wp-content\/uploads\/2025\/01\/klinik_298001238_Preview-e1738837369236.jpeg","width":998,"height":260},{"@type":"BreadcrumbList","@id":"https:\/\/www.muellerkom.de\/website\/profil-medizin\/#breadcrumb","itemListElement":[{"@type":"ListItem","position":1,"name":"Startseite","item":"https:\/\/www.muellerkom.de\/website\/"},{"@type":"ListItem","position":2,"name":"Schwerpunkt Kliniken"}]},{"@type":"WebSite","@id":"https:\/\/www.muellerkom.de\/website\/#website","url":"https:\/\/www.muellerkom.de\/website\/","name":"Wir sind die Experten","description":"m\u00fcller:kommunikation","publisher":{"@id":"https:\/\/www.muellerkom.de\/website\/#organization"},"potentialAction":[{"@type":"SearchAction","target":{"@type":"EntryPoint","urlTemplate":"https:\/\/www.muellerkom.de\/website\/?s={search_term_string}"},"query-input":{"@type":"PropertyValueSpecification","valueRequired":true,"valueName":"search_term_string"}}],"inLanguage":"de"},{"@type":"Organization","@id":"https:\/\/www.muellerkom.de\/website\/#organization","name":"m\u00fcller:kommunikation","url":"https:\/\/www.muellerkom.de\/website\/","logo":{"@type":"ImageObject","inLanguage":"de","@id":"https:\/\/www.muellerkom.de\/website\/#\/schema\/logo\/image\/","url":"https:\/\/www.muellerkom.de\/website\/wp-content\/uploads\/2018\/05\/logo_muellerkom_transparent.png","contentUrl":"https:\/\/www.muellerkom.de\/website\/wp-content\/uploads\/2018\/05\/logo_muellerkom_transparent.png","width":544,"height":62,"caption":"m\u00fcller:kommunikation"},"image":{"@id":"https:\/\/www.muellerkom.de\/website\/#\/schema\/logo\/image\/"}}]}},"_links":{"self":[{"href":"https:\/\/www.muellerkom.de\/website\/wp-json\/wp\/v2\/pages\/42","targetHints":{"allow":["GET"]}}],"collection":[{"href":"https:\/\/www.muellerkom.de\/website\/wp-json\/wp\/v2\/pages"}],"about":[{"href":"https:\/\/www.muellerkom.de\/website\/wp-json\/wp\/v2\/types\/page"}],"author":[{"embeddable":true,"href":"https:\/\/www.muellerkom.de\/website\/wp-json\/wp\/v2\/users\/1"}],"replies":[{"embeddable":true,"href":"https:\/\/www.muellerkom.de\/website\/wp-json\/wp\/v2\/comments?post=42"}],"version-history":[{"count":46,"href":"https:\/\/www.muellerkom.de\/website\/wp-json\/wp\/v2\/pages\/42\/revisions"}],"predecessor-version":[{"id":561,"href":"https:\/\/www.muellerkom.de\/website\/wp-json\/wp\/v2\/pages\/42\/revisions\/561"}],"wp:featuredmedia":[{"embeddable":true,"href":"https:\/\/www.muellerkom.de\/website\/wp-json\/wp\/v2\/media\/536"}],"wp:attachment":[{"href":"https:\/\/www.muellerkom.de\/website\/wp-json\/wp\/v2\/media?parent=42"}],"curies":[{"name":"wp","href":"https:\/\/api.w.org\/{rel}","templated":true}]}}