{"id":48,"date":"2018-05-10T09:44:58","date_gmt":"2018-05-10T07:44:58","guid":{"rendered":"http:\/\/www.muellerkom.de\/website\/?page_id=48"},"modified":"2025-02-07T12:21:24","modified_gmt":"2025-02-07T11:21:24","slug":"schwerpunkt-handwerk","status":"publish","type":"page","link":"https:\/\/www.muellerkom.de\/website\/schwerpunkt-handwerk\/","title":{"rendered":"Schwerpunkt Handwerk"},"content":{"rendered":"<p><span style=\"font-size: 14pt; color: #808080;\"><a href=\"https:\/\/www.muellerkom.de\/website\/wp-content\/uploads\/2023\/06\/titel_broschuere_125_jahre_tischler_innung_web-e1738927195223.jpg\"><img loading=\"lazy\" decoding=\"async\" class=\"size-medium wp-image-437 alignright\" src=\"https:\/\/www.muellerkom.de\/website\/wp-content\/uploads\/2023\/06\/titel_broschuere_125_jahre_tischler_innung_web-e1738927195223-300x240.jpg\" alt=\"\" width=\"300\" height=\"240\" srcset=\"https:\/\/www.muellerkom.de\/website\/wp-content\/uploads\/2023\/06\/titel_broschuere_125_jahre_tischler_innung_web-e1738927195223-300x240.jpg 300w, https:\/\/www.muellerkom.de\/website\/wp-content\/uploads\/2023\/06\/titel_broschuere_125_jahre_tischler_innung_web-e1738927195223.jpg 539w\" sizes=\"auto, (max-width: 300px) 100vw, 300px\" \/><\/a>Nutzen Sie die jahrelange Erfahrung in der \u00d6ffentlichkeitsarbeit von Handwerksorganisationen.<\/span><\/p>\n<p><span style=\"font-size: 12pt; color: #008000;\"><strong>Referenzen:<\/strong><\/span><\/p>\n<ul style=\"list-style-type: disc;\">\n<li>17 Jahre Presse- und \u00d6ffentlichkeitsarbeit f\u00fcr die Kreishandwerkerschaft Dortmund und L\u00fcnen<br \/>\n(sp\u00e4ter Dortmund Hagen L\u00fcnen)<br \/>\nAufgaben:\u00a0Pressemitteilungen,\u00a0 Vorbereitung der Jahres-Pressekonferenzen, Statements, Positionspapiere, Reden u. v. m.<\/li>\n<li>11 Jahre Jahresberichte des Handwerks in Dortmund und L\u00fcnen im eigenen Layout<\/li>\n<li>9 Jahre Nachrichtendienst NH-Nachrichten (<a href=\"http:\/\/www.nachrichten-handwerk.de\">www.nachrichten-handwerk.de<\/a> )<\/li>\n<li>Festschriften, Jubil\u00e4ums- \u00a0und Sonderpublikationen f\u00fcr die Kreishandwerkerschaft Dortmund und L\u00fcnen, die Geb\u00e4udereiniger-Innung Dortmund, die Tischler-Innung Dortmund und L\u00fcnen<\/li>\n<li>Entwicklung, Redaktion und Gestaltung des <a href=\"https:\/\/kh-handwerk.de\/ueber-uns\/stark\/\">Magazins STARK f\u00fcr die Kreishandwerkerschaft Dortmund und L\u00fcnen<\/a><\/li>\n<\/ul>\n<p><strong>Pressearbeit f\u00fcr die<\/strong><\/p>\n<ul>\n<li>Bildhauer- und Steinmetz-Innung<\/li>\n<li>Dachdecker-Innung<\/li>\n<li>Fachgruppe Lack- und Karosserietechnik Westfalen<\/li>\n<li>Fleischer-Innung Westfalen-Mitte<\/li>\n<li>Friseur-Innung Dortmund und L\u00fcnen<\/li>\n<li>Kraftfahrzeug-Innung Dortmund und L\u00fcnen<\/li>\n<li>Innung f\u00fcr Sanit\u00e4r, Heizungs- und Klimatechnik<\/li>\n<li>Tischler-Innung<\/li>\n<li>Innung f\u00fcr Werbetechnik Dortmund<\/li>\n<\/ul>\n<p>sowie f\u00fcr<\/p>\n<ul>\n<li>den Bildungskreis Handwerk e.V.<\/li>\n<li>die Wirtschaftsdienst Handwerk GmbH<\/li>\n<li>und den Zentralverband Schilder und Lichtreklame (ZVSL)<br \/>\nBundesinnungsverband der Schilder- und Lichtreklameherstellerentralverband Werbetechnik (ZVW)<\/li>\n<\/ul>\n<p><strong>Flyer, Einladungen \u00a0und Publikationen f\u00fcr<\/strong><\/p>\n<ul>\n<li>die Kreishandwerkerschaft Dortmund und L\u00fcnen<\/li>\n<li>den Bildungskreis Handwerk e.V.<\/li>\n<li>die Wirtschaftsdienst Handwerk GmbH<\/li>\n<li>die Friseur-Innung Dortmund und L\u00fcnen<\/li>\n<li>den Fachverband Lack- und Karosserietechnik Westfalen<\/li>\n<\/ul>\n","protected":false},"excerpt":{"rendered":"<div class=\"entry-summary\">\n<div class=\"entry-summary\">\nNutzen Sie die jahrelange Erfahrung in der \u00d6ffentlichkeitsarbeit von Handwerksorganisationen. Referenzen: 17 Jahre Presse- und \u00d6ffentlichkeitsarbeit f\u00fcr die Kreishandwerkerschaft Dortmund und L\u00fcnen (sp\u00e4ter Dortmund Hagen L\u00fcnen) Aufgaben:\u00a0Pressemitteilungen,\u00a0 Vorbereitung der Jahres-Pressekonferenzen, Statements, Positionspapiere, Reden u. v. m. 11 Jahre Jahresberichte des&hellip;\n<\/div>\n<div class=\"link-more\"><a href=\"https:\/\/www.muellerkom.de\/website\/schwerpunkt-handwerk\/\" class=\"more-link\"><span class=\"screen-reader-text\"> &ldquo;Schwerpunkt Handwerk&rdquo;<\/span> weiterlesen\u00a0&hellip;<\/a><\/div>\n<\/div>\n<div class=\"link-more\"><a href=\"https:\/\/www.muellerkom.de\/website\/schwerpunkt-handwerk\/\" class=\"more-link\"><span class=\"screen-reader-text\"> &ldquo;Schwerpunkt Handwerk&rdquo;<\/span> weiterlesen\u00a0&hellip;<\/a><\/div>\n","protected":false},"author":1,"featured_media":0,"parent":0,"menu_order":0,"comment_status":"closed","ping_status":"closed","template":"","meta":{"_acf_changed":false,"footnotes":""},"class_list":["post-48","page","type-page","status-publish","hentry","entry"],"acf":[],"yoast_head":"<!-- This site is optimized with the Yoast SEO plugin v25.9 - https:\/\/yoast.com\/wordpress\/plugins\/seo\/ -->\n<title>Schwerpunkt Handwerk - m\u00fcller:kommunikation<\/title>\n<meta name=\"robots\" content=\"index, follow, max-snippet:-1, max-image-preview:large, max-video-preview:-1\" \/>\n<link rel=\"canonical\" href=\"https:\/\/www.muellerkom.de\/website\/schwerpunkt-handwerk\/\" \/>\n<meta property=\"og:locale\" content=\"de_DE\" \/>\n<meta property=\"og:type\" content=\"article\" \/>\n<meta property=\"og:title\" content=\"Schwerpunkt Handwerk - m\u00fcller:kommunikation\" \/>\n<meta property=\"og:description\" content=\"Nutzen Sie die jahrelange Erfahrung in der \u00d6ffentlichkeitsarbeit von Handwerksorganisationen. Referenzen: 17 Jahre Presse- und \u00d6ffentlichkeitsarbeit f\u00fcr die Kreishandwerkerschaft Dortmund und L\u00fcnen (sp\u00e4ter Dortmund Hagen L\u00fcnen) Aufgaben:\u00a0Pressemitteilungen,\u00a0 Vorbereitung der Jahres-Pressekonferenzen, Statements, Positionspapiere, Reden u. v. m. 11 Jahre Jahresberichte des&hellip; &ldquo;Schwerpunkt Handwerk&rdquo; weiterlesen\u00a0&hellip;\" \/>\n<meta property=\"og:url\" content=\"https:\/\/www.muellerkom.de\/website\/schwerpunkt-handwerk\/\" \/>\n<meta property=\"og:site_name\" content=\"m\u00fcller:kommunikation\" \/>\n<meta property=\"article:modified_time\" content=\"2025-02-07T11:21:24+00:00\" \/>\n<meta property=\"og:image\" content=\"https:\/\/www.muellerkom.de\/website\/wp-content\/uploads\/2023\/06\/titel_broschuere_125_jahre_tischler_innung_web-e1738927195223.jpg\" \/>\n\t<meta property=\"og:image:width\" content=\"539\" \/>\n\t<meta property=\"og:image:height\" content=\"431\" \/>\n\t<meta property=\"og:image:type\" content=\"image\/jpeg\" \/>\n<meta name=\"twitter:card\" content=\"summary_large_image\" \/>\n<meta name=\"twitter:label1\" content=\"Gesch\u00e4tzte Lesezeit\" \/>\n\t<meta name=\"twitter:data1\" content=\"2\u00a0Minuten\" \/>\n<script type=\"application\/ld+json\" class=\"yoast-schema-graph\">{\"@context\":\"https:\/\/schema.org\",\"@graph\":[{\"@type\":\"WebPage\",\"@id\":\"https:\/\/www.muellerkom.de\/website\/schwerpunkt-handwerk\/\",\"url\":\"https:\/\/www.muellerkom.de\/website\/schwerpunkt-handwerk\/\",\"name\":\"Schwerpunkt Handwerk - m\u00fcller:kommunikation\",\"isPartOf\":{\"@id\":\"https:\/\/www.muellerkom.de\/website\/#website\"},\"primaryImageOfPage\":{\"@id\":\"https:\/\/www.muellerkom.de\/website\/schwerpunkt-handwerk\/#primaryimage\"},\"image\":{\"@id\":\"https:\/\/www.muellerkom.de\/website\/schwerpunkt-handwerk\/#primaryimage\"},\"thumbnailUrl\":\"https:\/\/www.muellerkom.de\/website\/wp-content\/uploads\/2023\/06\/titel_broschuere_125_jahre_tischler_innung_web-e1738927195223-300x240.jpg\",\"datePublished\":\"2018-05-10T07:44:58+00:00\",\"dateModified\":\"2025-02-07T11:21:24+00:00\",\"breadcrumb\":{\"@id\":\"https:\/\/www.muellerkom.de\/website\/schwerpunkt-handwerk\/#breadcrumb\"},\"inLanguage\":\"de\",\"potentialAction\":[{\"@type\":\"ReadAction\",\"target\":[\"https:\/\/www.muellerkom.de\/website\/schwerpunkt-handwerk\/\"]}]},{\"@type\":\"ImageObject\",\"inLanguage\":\"de\",\"@id\":\"https:\/\/www.muellerkom.de\/website\/schwerpunkt-handwerk\/#primaryimage\",\"url\":\"https:\/\/www.muellerkom.de\/website\/wp-content\/uploads\/2023\/06\/titel_broschuere_125_jahre_tischler_innung_web-e1738927195223.jpg\",\"contentUrl\":\"https:\/\/www.muellerkom.de\/website\/wp-content\/uploads\/2023\/06\/titel_broschuere_125_jahre_tischler_innung_web-e1738927195223.jpg\",\"width\":539,\"height\":431},{\"@type\":\"BreadcrumbList\",\"@id\":\"https:\/\/www.muellerkom.de\/website\/schwerpunkt-handwerk\/#breadcrumb\",\"itemListElement\":[{\"@type\":\"ListItem\",\"position\":1,\"name\":\"Startseite\",\"item\":\"https:\/\/www.muellerkom.de\/website\/\"},{\"@type\":\"ListItem\",\"position\":2,\"name\":\"Schwerpunkt Handwerk\"}]},{\"@type\":\"WebSite\",\"@id\":\"https:\/\/www.muellerkom.de\/website\/#website\",\"url\":\"https:\/\/www.muellerkom.de\/website\/\",\"name\":\"Wir sind die Experten\",\"description\":\"m\u00fcller:kommunikation\",\"publisher\":{\"@id\":\"https:\/\/www.muellerkom.de\/website\/#organization\"},\"potentialAction\":[{\"@type\":\"SearchAction\",\"target\":{\"@type\":\"EntryPoint\",\"urlTemplate\":\"https:\/\/www.muellerkom.de\/website\/?s={search_term_string}\"},\"query-input\":{\"@type\":\"PropertyValueSpecification\",\"valueRequired\":true,\"valueName\":\"search_term_string\"}}],\"inLanguage\":\"de\"},{\"@type\":\"Organization\",\"@id\":\"https:\/\/www.muellerkom.de\/website\/#organization\",\"name\":\"m\u00fcller:kommunikation\",\"url\":\"https:\/\/www.muellerkom.de\/website\/\",\"logo\":{\"@type\":\"ImageObject\",\"inLanguage\":\"de\",\"@id\":\"https:\/\/www.muellerkom.de\/website\/#\/schema\/logo\/image\/\",\"url\":\"https:\/\/www.muellerkom.de\/website\/wp-content\/uploads\/2018\/05\/logo_muellerkom_transparent.png\",\"contentUrl\":\"https:\/\/www.muellerkom.de\/website\/wp-content\/uploads\/2018\/05\/logo_muellerkom_transparent.png\",\"width\":544,\"height\":62,\"caption\":\"m\u00fcller:kommunikation\"},\"image\":{\"@id\":\"https:\/\/www.muellerkom.de\/website\/#\/schema\/logo\/image\/\"}}]}<\/script>\n<!-- \/ Yoast SEO plugin. -->","yoast_head_json":{"title":"Schwerpunkt Handwerk - m\u00fcller:kommunikation","robots":{"index":"index","follow":"follow","max-snippet":"max-snippet:-1","max-image-preview":"max-image-preview:large","max-video-preview":"max-video-preview:-1"},"canonical":"https:\/\/www.muellerkom.de\/website\/schwerpunkt-handwerk\/","og_locale":"de_DE","og_type":"article","og_title":"Schwerpunkt Handwerk - m\u00fcller:kommunikation","og_description":"Nutzen Sie die jahrelange Erfahrung in der \u00d6ffentlichkeitsarbeit von Handwerksorganisationen. Referenzen: 17 Jahre Presse- und \u00d6ffentlichkeitsarbeit f\u00fcr die Kreishandwerkerschaft Dortmund und L\u00fcnen (sp\u00e4ter Dortmund Hagen L\u00fcnen) Aufgaben:\u00a0Pressemitteilungen,\u00a0 Vorbereitung der Jahres-Pressekonferenzen, Statements, Positionspapiere, Reden u. v. m. 11 Jahre Jahresberichte des&hellip; &ldquo;Schwerpunkt Handwerk&rdquo; weiterlesen\u00a0&hellip;","og_url":"https:\/\/www.muellerkom.de\/website\/schwerpunkt-handwerk\/","og_site_name":"m\u00fcller:kommunikation","article_modified_time":"2025-02-07T11:21:24+00:00","og_image":[{"width":539,"height":431,"url":"https:\/\/www.muellerkom.de\/website\/wp-content\/uploads\/2023\/06\/titel_broschuere_125_jahre_tischler_innung_web-e1738927195223.jpg","type":"image\/jpeg"}],"twitter_card":"summary_large_image","twitter_misc":{"Gesch\u00e4tzte Lesezeit":"2\u00a0Minuten"},"schema":{"@context":"https:\/\/schema.org","@graph":[{"@type":"WebPage","@id":"https:\/\/www.muellerkom.de\/website\/schwerpunkt-handwerk\/","url":"https:\/\/www.muellerkom.de\/website\/schwerpunkt-handwerk\/","name":"Schwerpunkt Handwerk - m\u00fcller:kommunikation","isPartOf":{"@id":"https:\/\/www.muellerkom.de\/website\/#website"},"primaryImageOfPage":{"@id":"https:\/\/www.muellerkom.de\/website\/schwerpunkt-handwerk\/#primaryimage"},"image":{"@id":"https:\/\/www.muellerkom.de\/website\/schwerpunkt-handwerk\/#primaryimage"},"thumbnailUrl":"https:\/\/www.muellerkom.de\/website\/wp-content\/uploads\/2023\/06\/titel_broschuere_125_jahre_tischler_innung_web-e1738927195223-300x240.jpg","datePublished":"2018-05-10T07:44:58+00:00","dateModified":"2025-02-07T11:21:24+00:00","breadcrumb":{"@id":"https:\/\/www.muellerkom.de\/website\/schwerpunkt-handwerk\/#breadcrumb"},"inLanguage":"de","potentialAction":[{"@type":"ReadAction","target":["https:\/\/www.muellerkom.de\/website\/schwerpunkt-handwerk\/"]}]},{"@type":"ImageObject","inLanguage":"de","@id":"https:\/\/www.muellerkom.de\/website\/schwerpunkt-handwerk\/#primaryimage","url":"https:\/\/www.muellerkom.de\/website\/wp-content\/uploads\/2023\/06\/titel_broschuere_125_jahre_tischler_innung_web-e1738927195223.jpg","contentUrl":"https:\/\/www.muellerkom.de\/website\/wp-content\/uploads\/2023\/06\/titel_broschuere_125_jahre_tischler_innung_web-e1738927195223.jpg","width":539,"height":431},{"@type":"BreadcrumbList","@id":"https:\/\/www.muellerkom.de\/website\/schwerpunkt-handwerk\/#breadcrumb","itemListElement":[{"@type":"ListItem","position":1,"name":"Startseite","item":"https:\/\/www.muellerkom.de\/website\/"},{"@type":"ListItem","position":2,"name":"Schwerpunkt Handwerk"}]},{"@type":"WebSite","@id":"https:\/\/www.muellerkom.de\/website\/#website","url":"https:\/\/www.muellerkom.de\/website\/","name":"Wir sind die Experten","description":"m\u00fcller:kommunikation","publisher":{"@id":"https:\/\/www.muellerkom.de\/website\/#organization"},"potentialAction":[{"@type":"SearchAction","target":{"@type":"EntryPoint","urlTemplate":"https:\/\/www.muellerkom.de\/website\/?s={search_term_string}"},"query-input":{"@type":"PropertyValueSpecification","valueRequired":true,"valueName":"search_term_string"}}],"inLanguage":"de"},{"@type":"Organization","@id":"https:\/\/www.muellerkom.de\/website\/#organization","name":"m\u00fcller:kommunikation","url":"https:\/\/www.muellerkom.de\/website\/","logo":{"@type":"ImageObject","inLanguage":"de","@id":"https:\/\/www.muellerkom.de\/website\/#\/schema\/logo\/image\/","url":"https:\/\/www.muellerkom.de\/website\/wp-content\/uploads\/2018\/05\/logo_muellerkom_transparent.png","contentUrl":"https:\/\/www.muellerkom.de\/website\/wp-content\/uploads\/2018\/05\/logo_muellerkom_transparent.png","width":544,"height":62,"caption":"m\u00fcller:kommunikation"},"image":{"@id":"https:\/\/www.muellerkom.de\/website\/#\/schema\/logo\/image\/"}}]}},"_links":{"self":[{"href":"https:\/\/www.muellerkom.de\/website\/wp-json\/wp\/v2\/pages\/48","targetHints":{"allow":["GET"]}}],"collection":[{"href":"https:\/\/www.muellerkom.de\/website\/wp-json\/wp\/v2\/pages"}],"about":[{"href":"https:\/\/www.muellerkom.de\/website\/wp-json\/wp\/v2\/types\/page"}],"author":[{"embeddable":true,"href":"https:\/\/www.muellerkom.de\/website\/wp-json\/wp\/v2\/users\/1"}],"replies":[{"embeddable":true,"href":"https:\/\/www.muellerkom.de\/website\/wp-json\/wp\/v2\/comments?post=48"}],"version-history":[{"count":40,"href":"https:\/\/www.muellerkom.de\/website\/wp-json\/wp\/v2\/pages\/48\/revisions"}],"predecessor-version":[{"id":560,"href":"https:\/\/www.muellerkom.de\/website\/wp-json\/wp\/v2\/pages\/48\/revisions\/560"}],"wp:attachment":[{"href":"https:\/\/www.muellerkom.de\/website\/wp-json\/wp\/v2\/media?parent=48"}],"curies":[{"name":"wp","href":"https:\/\/api.w.org\/{rel}","templated":true}]}}